{"id":103,"date":"2022-03-24T10:09:52","date_gmt":"2022-03-24T09:09:52","guid":{"rendered":"https:\/\/www.actors-cast.com\/?page_id=103"},"modified":"2026-01-19T15:50:00","modified_gmt":"2026-01-19T14:50:00","slug":"impressum","status":"publish","type":"page","link":"https:\/\/www.actors-cast.com\/en\/impressum\/","title":{"rendered":"Legal Notice"},"content":{"rendered":"<h1 class=\"wp-block-heading\"><strong>Legal Notice<\/strong><\/h1>\n\n\n\n<h2 class=\"wp-block-heading\"><strong>Provider<\/strong><\/h2>\n\n\n\n<p>Actors Cast International<br>Mag. Katharina Karrer<br>Br\u00e4uhausgasse 55\/24<br>1050 Vienna<br>Austria<\/p>\n\n\n\n<h2 class=\"wp-block-heading\"><strong>Contact Options<\/strong><\/h2>\n\n\n\n<p>E-Mail Address:<br>mail@actors-cast.com<\/p>\n\n\n\n<p>Phone:<br>+436605078228<\/p>\n\n\n\n<h2 class=\"wp-block-heading\"><strong>Representatives<\/strong><\/h2>\n\n\n\n<p>Representative\/s:<br>Ivy Chumley Agentin, Mag. Katharina Karrer<\/p>\n\n\n\n<h2 class=\"wp-block-heading\"><strong>Journalistic-Editorial Services<\/strong><\/h2>\n\n\n\n<p>Responsible for content:<br>Mag. Katharina Karrer<\/p>\n\n\n\n<h2 class=\"wp-block-heading\"><strong>Company Details<\/strong><\/h2>\n\n\n\n<p>Business area:<br>Artist-Actors Agency<\/p>\n\n\n\n<h2 class=\"wp-block-heading\"><strong>Online Dispute Resolution (ODR)<\/strong><\/h2>\n\n\n\n<p>Online dispute resolution: The European Commission provides a platform for Online Dispute Resolution (ODR), which can be accessed at&nbsp;<a href=\"https:\/\/ec.europa.eu\/consumers\/odr\/\">https:\/\/ec.europa.eu\/consumers\/odr\/<\/a>&nbsp;Consumers have the possibility to use this platform to settle their disputes.<\/p>\n\n\n\n<h2 class=\"wp-block-heading\"><strong>Liability and Intellectual Property Rights Information<\/strong><\/h2>\n\n\n\n<p>Copyrights and Trademarks: All contents presented on this website, such as texts, photographs, graphics, brands and trademarks are protected by the respective intellectual property rights (copyrights, trademark rights). The use, reproduction, etc. are subject to our rights or the rights of the respective authors or rights owners.<\/p>\n\n\n\n<h2 class=\"wp-block-heading\"><strong>Image credits<\/strong><\/h2>\n\n\n\n<p>Image Sources and Copyright Notices:<br>Title picture: Roman Makhmutov\/GettyImages<br>Graphic design: Daniel Mendl<br>Concept, Layout, Implementation: Advantage Apps GmbH&nbsp;<a href=\"https:\/\/www.advantage-apps.com\/\">https:\/\/www.advantage-apps.com<\/a><\/p>","protected":false},"excerpt":{"rendered":"<p>Impressum Diensteanbieter Actors Cast InternationalMag. Katharina KarrerBr\u00e4uhausgasse 55\/241050 WienAustria Kontaktm\u00f6glichkeiten E-Mail-Adresse:mail@actors-cast.com Telefon:+436605078228 Vertretungsberechtigte Personen Vertretungsberechtigt:Ivy Chumley Agentin, Mag. Katharina Karrer Journalistisch-redaktionelle Angebote Inhaltlich verantwortlich:Mag. Katharina Karrer Angaben zum Unternehmen Gesch\u00e4ftsbereich:K\u00fcnstler- Schauspielagentur Online-Streitbeilegung (OS) Online-Streitbeilegung: Die Europ\u00e4ische Kommission stellt eine Plattform zur Online-Streitbeilegung (OS) bereit, die Sie unter&nbsp;https:\/\/ec.europa.eu\/consumers\/odr\/&nbsp;finden. Verbraucher haben die M\u00f6glichkeit, diese Plattform f\u00fcr die [&hellip;]<\/p>\n","protected":false},"author":1,"featured_media":0,"parent":0,"menu_order":0,"comment_status":"closed","ping_status":"closed","template":"","meta":{"_acf_changed":false,"_coblocks_attr":"","_coblocks_dimensions":"","_coblocks_responsive_height":"","_coblocks_accordion_ie_support":"","inline_featured_image":false,"_uag_custom_page_level_css":"","site-sidebar-layout":"default","site-content-layout":"","ast-site-content-layout":"default","site-content-style":"default","site-sidebar-style":"default","ast-global-header-display":"","ast-banner-title-visibility":"","ast-main-header-display":"disabled","ast-hfb-above-header-display":"disabled","ast-hfb-below-header-display":"disabled","ast-hfb-mobile-header-display":"disabled","site-post-title":"disabled","ast-breadcrumbs-content":"","ast-featured-img":"","footer-sml-layout":"","ast-disable-related-posts":"","theme-transparent-header-meta":"enabled","adv-header-id-meta":"","stick-header-meta":"","header-above-stick-meta":"","header-main-stick-meta":"","header-below-stick-meta":"","astra-migrate-meta-layouts":"set","ast-page-background-enabled":"default","ast-page-background-meta":{"desktop":{"background-color":"var(--ast-global-color-4)","background-image":"","background-repeat":"repeat","background-position":"center center","background-size":"auto","background-attachment":"scroll","background-type":"","background-media":"","overlay-type":"","overlay-color":"","overlay-opacity":"","overlay-gradient":""},"tablet":{"background-color":"","background-image":"","background-repeat":"repeat","background-position":"center center","background-size":"auto","background-attachment":"scroll","background-type":"","background-media":"","overlay-type":"","overlay-color":"","overlay-opacity":"","overlay-gradient":""},"mobile":{"background-color":"","background-image":"","background-repeat":"repeat","background-position":"center center","background-size":"auto","background-attachment":"scroll","background-type":"","background-media":"","overlay-type":"","overlay-color":"","overlay-opacity":"","overlay-gradient":""}},"ast-content-background-meta":{"desktop":{"background-color":"var(--ast-global-color-5)","background-image":"","background-repeat":"repeat","background-position":"center center","background-size":"auto","background-attachment":"scroll","background-type":"","background-media":"","overlay-type":"","overlay-color":"","overlay-opacity":"","overlay-gradient":""},"tablet":{"background-color":"var(--ast-global-color-5)","background-image":"","background-repeat":"repeat","background-position":"center center","background-size":"auto","background-attachment":"scroll","background-type":"","background-media":"","overlay-type":"","overlay-color":"","overlay-opacity":"","overlay-gradient":""},"mobile":{"background-color":"var(--ast-global-color-5)","background-image":"","background-repeat":"repeat","background-position":"center center","background-size":"auto","background-attachment":"scroll","background-type":"","background-media":"","overlay-type":"","overlay-color":"","overlay-opacity":"","overlay-gradient":""}},"footnotes":""},"class_list":["post-103","page","type-page","status-publish","hentry"],"acf":[],"yoast_head":"<!-- This site is optimized with the Yoast SEO plugin v27.5 - https:\/\/yoast.com\/product\/yoast-seo-wordpress\/ -->\n<title>Impressum - Actors Cast International<\/title>\n<meta name=\"robots\" content=\"index, follow, max-snippet:-1, max-image-preview:large, max-video-preview:-1\" \/>\n<link rel=\"canonical\" href=\"https:\/\/www.actors-cast.com\/en\/impressum\/\" \/>\n<meta property=\"og:locale\" content=\"en_GB\" \/>\n<meta property=\"og:type\" content=\"article\" \/>\n<meta property=\"og:title\" content=\"Impressum - Actors Cast International\" \/>\n<meta property=\"og:description\" content=\"Impressum Diensteanbieter Actors Cast InternationalMag. Katharina KarrerBr\u00e4uhausgasse 55\/241050 WienAustria Kontaktm\u00f6glichkeiten E-Mail-Adresse:mail@actors-cast.com Telefon:+436605078228 Vertretungsberechtigte Personen Vertretungsberechtigt:Ivy Chumley Agentin, Mag. Katharina Karrer Journalistisch-redaktionelle Angebote Inhaltlich verantwortlich:Mag. Katharina Karrer Angaben zum Unternehmen Gesch\u00e4ftsbereich:K\u00fcnstler- Schauspielagentur Online-Streitbeilegung (OS) Online-Streitbeilegung: Die Europ\u00e4ische Kommission stellt eine Plattform zur Online-Streitbeilegung (OS) bereit, die Sie unter&nbsp;https:\/\/ec.europa.eu\/consumers\/odr\/&nbsp;finden. Verbraucher haben die M\u00f6glichkeit, diese Plattform f\u00fcr die [&hellip;]\" \/>\n<meta property=\"og:url\" content=\"https:\/\/www.actors-cast.com\/en\/impressum\/\" \/>\n<meta property=\"og:site_name\" content=\"Actors Cast International\" \/>\n<meta property=\"article:modified_time\" content=\"2026-01-19T14:50:00+00:00\" \/>\n<meta name=\"twitter:card\" content=\"summary_large_image\" \/>\n<meta name=\"twitter:label1\" content=\"Estimated reading time\" \/>\n\t<meta name=\"twitter:data1\" content=\"1 minute\" \/>\n<script type=\"application\/ld+json\" class=\"yoast-schema-graph\">{\"@context\":\"https:\\\/\\\/schema.org\",\"@graph\":[{\"@type\":\"WebPage\",\"@id\":\"https:\\\/\\\/www.actors-cast.com\\\/impressum\\\/\",\"url\":\"https:\\\/\\\/www.actors-cast.com\\\/impressum\\\/\",\"name\":\"Impressum - Actors Cast International\",\"isPartOf\":{\"@id\":\"https:\\\/\\\/www.actors-cast.com\\\/#website\"},\"datePublished\":\"2022-03-24T09:09:52+00:00\",\"dateModified\":\"2026-01-19T14:50:00+00:00\",\"breadcrumb\":{\"@id\":\"https:\\\/\\\/www.actors-cast.com\\\/impressum\\\/#breadcrumb\"},\"inLanguage\":\"en-GB\",\"potentialAction\":[{\"@type\":\"ReadAction\",\"target\":[\"https:\\\/\\\/www.actors-cast.com\\\/impressum\\\/\"]}]},{\"@type\":\"BreadcrumbList\",\"@id\":\"https:\\\/\\\/www.actors-cast.com\\\/impressum\\\/#breadcrumb\",\"itemListElement\":[{\"@type\":\"ListItem\",\"position\":1,\"name\":\"Startseite\",\"item\":\"https:\\\/\\\/www.actors-cast.com\\\/\"},{\"@type\":\"ListItem\",\"position\":2,\"name\":\"Impressum\"}]},{\"@type\":\"WebSite\",\"@id\":\"https:\\\/\\\/www.actors-cast.com\\\/#website\",\"url\":\"https:\\\/\\\/www.actors-cast.com\\\/\",\"name\":\"Actors Cast International\",\"description\":\"\",\"publisher\":{\"@id\":\"https:\\\/\\\/www.actors-cast.com\\\/#organization\"},\"potentialAction\":[{\"@type\":\"SearchAction\",\"target\":{\"@type\":\"EntryPoint\",\"urlTemplate\":\"https:\\\/\\\/www.actors-cast.com\\\/?s={search_term_string}\"},\"query-input\":{\"@type\":\"PropertyValueSpecification\",\"valueRequired\":true,\"valueName\":\"search_term_string\"}}],\"inLanguage\":\"en-GB\"},{\"@type\":\"Organization\",\"@id\":\"https:\\\/\\\/www.actors-cast.com\\\/#organization\",\"name\":\"Actors Cast International\",\"url\":\"https:\\\/\\\/www.actors-cast.com\\\/\",\"logo\":{\"@type\":\"ImageObject\",\"inLanguage\":\"en-GB\",\"@id\":\"https:\\\/\\\/www.actors-cast.com\\\/#\\\/schema\\\/logo\\\/image\\\/\",\"url\":\"https:\\\/\\\/www.actors-cast.com\\\/wp-content\\\/uploads\\\/2022\\\/06\\\/ACI_Logo_uni_white.png\",\"contentUrl\":\"https:\\\/\\\/www.actors-cast.com\\\/wp-content\\\/uploads\\\/2022\\\/06\\\/ACI_Logo_uni_white.png\",\"width\":800,\"height\":520,\"caption\":\"Actors Cast International\"},\"image\":{\"@id\":\"https:\\\/\\\/www.actors-cast.com\\\/#\\\/schema\\\/logo\\\/image\\\/\"}}]}<\/script>\n<!-- \/ Yoast SEO plugin. -->","yoast_head_json":{"title":"Impressum - Actors Cast International","robots":{"index":"index","follow":"follow","max-snippet":"max-snippet:-1","max-image-preview":"max-image-preview:large","max-video-preview":"max-video-preview:-1"},"canonical":"https:\/\/www.actors-cast.com\/en\/impressum\/","og_locale":"en_GB","og_type":"article","og_title":"Impressum - Actors Cast International","og_description":"Impressum Diensteanbieter Actors Cast InternationalMag. Katharina KarrerBr\u00e4uhausgasse 55\/241050 WienAustria Kontaktm\u00f6glichkeiten E-Mail-Adresse:mail@actors-cast.com Telefon:+436605078228 Vertretungsberechtigte Personen Vertretungsberechtigt:Ivy Chumley Agentin, Mag. Katharina Karrer Journalistisch-redaktionelle Angebote Inhaltlich verantwortlich:Mag. Katharina Karrer Angaben zum Unternehmen Gesch\u00e4ftsbereich:K\u00fcnstler- Schauspielagentur Online-Streitbeilegung (OS) Online-Streitbeilegung: Die Europ\u00e4ische Kommission stellt eine Plattform zur Online-Streitbeilegung (OS) bereit, die Sie unter&nbsp;https:\/\/ec.europa.eu\/consumers\/odr\/&nbsp;finden. Verbraucher haben die M\u00f6glichkeit, diese Plattform f\u00fcr die [&hellip;]","og_url":"https:\/\/www.actors-cast.com\/en\/impressum\/","og_site_name":"Actors Cast International","article_modified_time":"2026-01-19T14:50:00+00:00","twitter_card":"summary_large_image","twitter_misc":{"Estimated reading time":"1 minute"},"schema":{"@context":"https:\/\/schema.org","@graph":[{"@type":"WebPage","@id":"https:\/\/www.actors-cast.com\/impressum\/","url":"https:\/\/www.actors-cast.com\/impressum\/","name":"Impressum - Actors Cast International","isPartOf":{"@id":"https:\/\/www.actors-cast.com\/#website"},"datePublished":"2022-03-24T09:09:52+00:00","dateModified":"2026-01-19T14:50:00+00:00","breadcrumb":{"@id":"https:\/\/www.actors-cast.com\/impressum\/#breadcrumb"},"inLanguage":"en-GB","potentialAction":[{"@type":"ReadAction","target":["https:\/\/www.actors-cast.com\/impressum\/"]}]},{"@type":"BreadcrumbList","@id":"https:\/\/www.actors-cast.com\/impressum\/#breadcrumb","itemListElement":[{"@type":"ListItem","position":1,"name":"Startseite","item":"https:\/\/www.actors-cast.com\/"},{"@type":"ListItem","position":2,"name":"Impressum"}]},{"@type":"WebSite","@id":"https:\/\/www.actors-cast.com\/#website","url":"https:\/\/www.actors-cast.com\/","name":"Actors Cast International","description":"","publisher":{"@id":"https:\/\/www.actors-cast.com\/#organization"},"potentialAction":[{"@type":"SearchAction","target":{"@type":"EntryPoint","urlTemplate":"https:\/\/www.actors-cast.com\/?s={search_term_string}"},"query-input":{"@type":"PropertyValueSpecification","valueRequired":true,"valueName":"search_term_string"}}],"inLanguage":"en-GB"},{"@type":"Organization","@id":"https:\/\/www.actors-cast.com\/#organization","name":"Actors Cast International","url":"https:\/\/www.actors-cast.com\/","logo":{"@type":"ImageObject","inLanguage":"en-GB","@id":"https:\/\/www.actors-cast.com\/#\/schema\/logo\/image\/","url":"https:\/\/www.actors-cast.com\/wp-content\/uploads\/2022\/06\/ACI_Logo_uni_white.png","contentUrl":"https:\/\/www.actors-cast.com\/wp-content\/uploads\/2022\/06\/ACI_Logo_uni_white.png","width":800,"height":520,"caption":"Actors Cast International"},"image":{"@id":"https:\/\/www.actors-cast.com\/#\/schema\/logo\/image\/"}}]}},"uagb_featured_image_src":{"full":false,"thumbnail":false,"medium":false,"medium_large":false,"large":false,"1536x1536":false,"2048x2048":false,"trp-custom-language-flag":false},"uagb_author_info":{"display_name":"admin","author_link":"https:\/\/www.actors-cast.com\/en\/author\/admin\/"},"uagb_comment_info":0,"uagb_excerpt":"Impressum Diensteanbieter Actors Cast InternationalMag. Katharina KarrerBr\u00e4uhausgasse 55\/241050 WienAustria Kontaktm\u00f6glichkeiten E-Mail-Adresse:mail@actors-cast.com Telefon:+436605078228 Vertretungsberechtigte Personen Vertretungsberechtigt:Ivy Chumley Agentin, Mag. Katharina Karrer Journalistisch-redaktionelle Angebote Inhaltlich verantwortlich:Mag. Katharina Karrer Angaben zum Unternehmen Gesch\u00e4ftsbereich:K\u00fcnstler- Schauspielagentur Online-Streitbeilegung (OS) Online-Streitbeilegung: Die Europ\u00e4ische Kommission stellt eine Plattform zur Online-Streitbeilegung (OS) bereit, die Sie unter&nbsp;https:\/\/ec.europa.eu\/consumers\/odr\/&nbsp;finden. Verbraucher haben die M\u00f6glichkeit, diese Plattform f\u00fcr die&hellip;","_links":{"self":[{"href":"https:\/\/www.actors-cast.com\/en\/wp-json\/wp\/v2\/pages\/103","targetHints":{"allow":["GET"]}}],"collection":[{"href":"https:\/\/www.actors-cast.com\/en\/wp-json\/wp\/v2\/pages"}],"about":[{"href":"https:\/\/www.actors-cast.com\/en\/wp-json\/wp\/v2\/types\/page"}],"author":[{"embeddable":true,"href":"https:\/\/www.actors-cast.com\/en\/wp-json\/wp\/v2\/users\/1"}],"replies":[{"embeddable":true,"href":"https:\/\/www.actors-cast.com\/en\/wp-json\/wp\/v2\/comments?post=103"}],"version-history":[{"count":7,"href":"https:\/\/www.actors-cast.com\/en\/wp-json\/wp\/v2\/pages\/103\/revisions"}],"predecessor-version":[{"id":2495,"href":"https:\/\/www.actors-cast.com\/en\/wp-json\/wp\/v2\/pages\/103\/revisions\/2495"}],"wp:attachment":[{"href":"https:\/\/www.actors-cast.com\/en\/wp-json\/wp\/v2\/media?parent=103"}],"curies":[{"name":"wp","href":"https:\/\/api.w.org\/{rel}","templated":true}]}}